{"id":37,"date":"2015-11-25T08:00:41","date_gmt":"2015-11-25T07:00:41","guid":{"rendered":"http:\/\/laconfreriedupoitou.fr\/?page_id=37"},"modified":"2019-01-03T20:18:47","modified_gmt":"2019-01-03T19:18:47","slug":"videos","status":"publish","type":"page","link":"https:\/\/laconfreriedupoitou.fr\/?page_id=37","title":{"rendered":"Vid\u00e9os"},"content":{"rendered":"<p>&nbsp;<\/p>\n<p><span style=\"vertical-align: inherit;\"><span style=\"vertical-align: inherit;\"><span style=\"vertical-align: inherit;\"><span style=\"vertical-align: inherit;\">Vous pouvez nous retrouver avec nos compagnies Amies sur ces quelques vid\u00e9os:<\/span><\/span><\/span><\/span><\/p>\n<p>F\u00eate m\u00e9di\u00e9vale \u00e0 Maul\u00e9on &#8211; Ao\u00fbt 2018<\/p>\n<figure class=\"clearfix wp-block-embed__wrapper\" ><iframe loading=\"lazy\" title=\"VID\u00c9O. La bataille du ch\u00e2teau de Maul\u00e9on\" width=\"1104\" height=\"621\" src=\"https:\/\/www.youtube.com\/embed\/eGwM5aEjtJg?feature=oembed\"  allow=\"accelerometer; autoplay; clipboard-write; encrypted-media; gyroscope; picture-in-picture\" allowfullscreen><\/iframe><\/figure>\n<p><span style=\"vertical-align: inherit;\"><span style=\"vertical-align: inherit;\">F\u00eate m\u00e9i\u00e9vale \u00e0 Maul\u00e9on &#8211; Ao\u00fbt 2018<\/span><\/span><\/p>\n<figure class=\"clearfix wp-block-embed__wrapper\" ><iframe loading=\"lazy\" title=\"VID\u00c9O. Succ\u00e8s des 2e M\u00e9di\u00e9vales de Maul\u00e9on\" width=\"1104\" height=\"621\" src=\"https:\/\/www.youtube.com\/embed\/eBZtmx415u8?start=3&#038;feature=oembed\"  allow=\"accelerometer; autoplay; clipboard-write; encrypted-media; gyroscope; picture-in-picture\" allowfullscreen><\/iframe><\/figure>\n<p><span style=\"vertical-align: inherit;\">Attaque du ch\u00e2teau de Commequiers &#8211; Ao\u00fbt 2017<\/span><\/p>\n<figure class=\"clearfix wp-block-embed__wrapper\" ><iframe loading=\"lazy\" title=\"Les M\u00e9di\u00e9vales de Commequiers\" width=\"1104\" height=\"621\" src=\"https:\/\/www.youtube.com\/embed\/S_NylFxV_uk?feature=oembed\"  allow=\"accelerometer; autoplay; clipboard-write; encrypted-media; gyroscope; picture-in-picture\" allowfullscreen><\/iframe><\/figure>\n<p><span style=\"vertical-align: inherit;\">Les Riches Heures de Foug\u00e8res &#8211; Juin 2017<\/span><\/p>\n<figure class=\"clearfix wp-block-embed__wrapper\" ><iframe loading=\"lazy\" title=\"F\u00eate m\u00e9di\u00e9vale de Foug\u00e8res : l&#039;attaque du ch\u00e2teau\" width=\"1104\" height=\"621\" src=\"https:\/\/www.youtube.com\/embed\/UqqA8mLkfAQ?feature=oembed\"  allow=\"accelerometer; autoplay; clipboard-write; encrypted-media; gyroscope; picture-in-picture\" allowfullscreen><\/iframe><\/figure>\n<p>Attaque du ch\u00e2teau de Blain &#8211; Septembre 2015<\/p>\n<figure class=\"clearfix wp-block-embed__wrapper\" ><iframe loading=\"lazy\" title=\"Attaque du chateau de Blain - 27 Sept 2015\" width=\"1104\" height=\"621\" src=\"https:\/\/www.youtube.com\/embed\/FwDD1DVpjvo?feature=oembed\"  allow=\"accelerometer; autoplay; clipboard-write; encrypted-media; gyroscope; picture-in-picture\" allowfullscreen><\/iframe><\/figure>\n<p><span style=\"vertical-align: inherit;\">Les Riches Heures de Foug\u00e8res &#8211; Juin 2013<\/span><\/p>\n<figure class=\"clearfix wp-block-embed__wrapper\" ><iframe loading=\"lazy\" title=\"Les riches heures de Foug\u00e8res 22 juin 2013\" width=\"1104\" height=\"621\" src=\"https:\/\/www.youtube.com\/embed\/8octTrOFPHo?feature=oembed\"  allow=\"accelerometer; autoplay; clipboard-write; encrypted-media; gyroscope; picture-in-picture\" allowfullscreen><\/iframe><\/figure>\n<p>&nbsp;<\/p>\n","protected":false},"excerpt":{"rendered":"<p>&nbsp; Vous pouvez nous retrouver avec nos compagnies Amies sur ces quelques vid\u00e9os: F\u00eate m\u00e9di\u00e9vale \u00e0 Maul\u00e9on &#8211; Ao\u00fbt 2018 F\u00eate m\u00e9i\u00e9vale \u00e0 Maul\u00e9on &#8211; Ao\u00fbt 2018 Attaque du ch\u00e2teau de Commequiers &#8211; Ao\u00fbt 2017 Les Riches Heures de Foug\u00e8res &#8211; Juin 2017 Attaque du ch\u00e2teau de Blain &#8211; Septembre 2015 Les Riches Heures de Foug\u00e8res &#8211; Juin 2013 &nbsp;<\/p>\n","protected":false},"author":1,"featured_media":0,"parent":0,"menu_order":0,"comment_status":"closed","ping_status":"closed","template":"","meta":{"footnotes":""},"class_list":["post-37","page","type-page","status-publish","hentry"],"_links":{"self":[{"href":"https:\/\/laconfreriedupoitou.fr\/index.php?rest_route=\/wp\/v2\/pages\/37","targetHints":{"allow":["GET"]}}],"collection":[{"href":"https:\/\/laconfreriedupoitou.fr\/index.php?rest_route=\/wp\/v2\/pages"}],"about":[{"href":"https:\/\/laconfreriedupoitou.fr\/index.php?rest_route=\/wp\/v2\/types\/page"}],"author":[{"embeddable":true,"href":"https:\/\/laconfreriedupoitou.fr\/index.php?rest_route=\/wp\/v2\/users\/1"}],"replies":[{"embeddable":true,"href":"https:\/\/laconfreriedupoitou.fr\/index.php?rest_route=%2Fwp%2Fv2%2Fcomments&post=37"}],"version-history":[{"count":7,"href":"https:\/\/laconfreriedupoitou.fr\/index.php?rest_route=\/wp\/v2\/pages\/37\/revisions"}],"predecessor-version":[{"id":260,"href":"https:\/\/laconfreriedupoitou.fr\/index.php?rest_route=\/wp\/v2\/pages\/37\/revisions\/260"}],"wp:attachment":[{"href":"https:\/\/laconfreriedupoitou.fr\/index.php?rest_route=%2Fwp%2Fv2%2Fmedia&parent=37"}],"curies":[{"name":"wp","href":"https:\/\/api.w.org\/{rel}","templated":true}]}}